{"id":1030,"date":"2022-12-05T12:52:19","date_gmt":"2022-12-05T15:52:19","guid":{"rendered":"https:\/\/minitoys.com.br\/?page_id=1030"},"modified":"2022-12-05T12:52:35","modified_gmt":"2022-12-05T15:52:35","slug":"sucesso-orcamento","status":"publish","type":"page","link":"https:\/\/minitoys.com.br\/en\/sucesso-orcamento\/","title":{"rendered":"Sucesso or\u00e7amento"},"content":{"rendered":"<div class=\"row\"  id=\"row-1525770146\">\n\n\t<div id=\"col-1320273462\" class=\"col sucessoorca small-12 large-12\"  >\n\t\t\t\t<div class=\"col-inner dark\" style=\"background-color:rgb(45, 183, 66);\" >\n\t\t\t\n\t\t\t\n\t<div id=\"gap-1236502549\" class=\"gap-element clearfix\" style=\"display:block; height:auto;\">\n\t\t\n<style>\n#gap-1236502549 {\n  padding-top: 30px;\n}\n<\/style>\n\t<\/div>\n\t\n<h1 class=\"product-title entry-title\" style=\"color:#FFFFFF !important;\">Enviado com sucesso<\/h1>\n<p>Sua solicita\u00e7\u00e3o de or\u00e7amento j\u00e1 chegou at\u00e9 nosso atendimento, e em breve estaremos enviando a cota\u00e7\u00e3o solicitada. Obrigado.<\/p>\n\t<div id=\"gap-1078746316\" class=\"gap-element clearfix\" style=\"display:block; height:auto;\">\n\t\t\n<style>\n#gap-1078746316 {\n  padding-top: 30px;\n}\n<\/style>\n\t<\/div>\n\t\n\t\t<\/div>\n\t\t\t\t\n<style>\n#col-1320273462 > .col-inner {\n  padding: 0px 21px 10px 19px;\n}\n<\/style>\n\t<\/div>\n\n\t\n<\/div>","protected":false},"excerpt":{"rendered":"","protected":false},"author":2,"featured_media":0,"parent":0,"menu_order":0,"comment_status":"closed","ping_status":"closed","template":"page-blank.php","meta":{"footnotes":""},"acf":[],"_links":{"self":[{"href":"https:\/\/minitoys.com.br\/en\/wp-json\/wp\/v2\/pages\/1030"}],"collection":[{"href":"https:\/\/minitoys.com.br\/en\/wp-json\/wp\/v2\/pages"}],"about":[{"href":"https:\/\/minitoys.com.br\/en\/wp-json\/wp\/v2\/types\/page"}],"author":[{"embeddable":true,"href":"https:\/\/minitoys.com.br\/en\/wp-json\/wp\/v2\/users\/2"}],"replies":[{"embeddable":true,"href":"https:\/\/minitoys.com.br\/en\/wp-json\/wp\/v2\/comments?post=1030"}],"version-history":[{"count":2,"href":"https:\/\/minitoys.com.br\/en\/wp-json\/wp\/v2\/pages\/1030\/revisions"}],"predecessor-version":[{"id":1032,"href":"https:\/\/minitoys.com.br\/en\/wp-json\/wp\/v2\/pages\/1030\/revisions\/1032"}],"wp:attachment":[{"href":"https:\/\/minitoys.com.br\/en\/wp-json\/wp\/v2\/media?parent=1030"}],"curies":[{"name":"wp","href":"https:\/\/api.w.org\/{rel}","templated":true}]}}