{"id":191,"date":"2020-08-14T19:32:16","date_gmt":"2020-08-14T22:32:16","guid":{"rendered":"https:\/\/minitoys.com.br\/?page_id=191"},"modified":"2023-01-30T13:57:11","modified_gmt":"2023-01-30T16:57:11","slug":"fale-conosco","status":"publish","type":"page","link":"https:\/\/minitoys.com.br\/en\/fale-conosco\/","title":{"rendered":"Contact us"},"content":{"rendered":"<div class=\"row\"  id=\"row-1049955793\">\n\n\t<div id=\"col-90480120\" class=\"col medium-6 small-12 large-6\"  >\n\t\t\t\t<div class=\"col-inner\"  >\n\t\t\t\n\t\t\t\n\t<div id=\"gap-625221252\" class=\"gap-element clearfix\" style=\"display:block; height:auto;\">\n\t\t\n<style>\n#gap-625221252 {\n  padding-top: 30px;\n}\n<\/style>\n\t<\/div>\n\t\n<h1 class=\"product-title entry-title\">CONTACT US<\/h1>\n<p>This is an exclusive channel for you to clear your doubts and create new requests about orders placed. All of our agents are prepared to generate solutions.<\/p>\n<div id=\"quform-d68119\" class=\"quform quform-1 quform-theme-light quform-support-page-caching\"><form id=\"quform-form-d68119\" class=\"quform-form quform-form-1\" action=\"\/en\/wp-json\/wp\/v2\/pages\/191#quform-d68119\" method=\"post\" enctype=\"multipart\/form-data\" novalidate=\"novalidate\" data-options=\"{&quot;id&quot;:1,&quot;uniqueId&quot;:&quot;d68119&quot;,&quot;theme&quot;:&quot;light&quot;,&quot;ajax&quot;:true,&quot;logic&quot;:{&quot;logic&quot;:[],&quot;dependents&quot;:[],&quot;elementIds&quot;:[],&quot;dependentElementIds&quot;:[],&quot;animate&quot;:true},&quot;currentPageId&quot;:1,&quot;errorsIcon&quot;:&quot;&quot;,&quot;updateFancybox&quot;:true,&quot;hasPages&quot;:false,&quot;pages&quot;:[1],&quot;pageProgressType&quot;:&quot;numbers&quot;,&quot;tooltipsEnabled&quot;:true,&quot;tooltipClasses&quot;:&quot;qtip-quform-dark qtip-shadow&quot;,&quot;tooltipMy&quot;:&quot;left center&quot;,&quot;tooltipAt&quot;:&quot;right center&quot;,&quot;isRtl&quot;:false,&quot;scrollOffset&quot;:-50,&quot;scrollSpeed&quot;:800}\" data-trp-original-action=\"\/en\/wp-json\/wp\/v2\/pages\/191#quform-d68119\"><button class=\"quform-default-submit\" name=\"quform_submit\" type=\"submit\" value=\"submit\" aria-hidden=\"true\" tabindex=\"-1\"><\/button><div class=\"quform-form-inner quform-form-inner-1\"><input type=\"hidden\" name=\"quform_form_id\" value=\"1\" \/><input type=\"hidden\" name=\"quform_form_uid\" value=\"d68119\" \/><input type=\"hidden\" name=\"quform_count\" value=\"1\" \/><input type=\"hidden\" name=\"form_url\" value=\"https:\/\/minitoys.com.br\/en\/wp-json\/wp\/v2\/pages\/191\" \/><input type=\"hidden\" name=\"referring_url\" value=\"\" \/><input type=\"hidden\" name=\"post_id\" value=\"\" \/><input type=\"hidden\" name=\"post_title\" value=\"\" \/><input type=\"hidden\" name=\"quform_current_page_id\" value=\"1\" \/><input type=\"hidden\" name=\"quform_csrf_token\" value=\"fkcYOXBYiodCxLICQEdaBvrLuE8AMNpxihrZtYvM\" \/><div class=\"quform-elements quform-elements-1 quform-cf quform-responsive-elements-phone-landscape\"><div class=\"quform-element quform-element-page quform-page-1 quform-page-1_1 quform-cf quform-group-style-plain quform-first-page quform-last-page quform-current-page\"><div class=\"quform-child-elements\"><div class=\"quform-element quform-element-text quform-element-1_12 quform-cf quform-labels-inside quform-element-required\"><div class=\"quform-spacer\"><div class=\"quform-label quform-label-1_12\"><span class=\"quform-label-icon\"><i class=\"fa fa-user\"><\/i><\/span><label class=\"quform-label-text\" for=\"quform_1_12_d68119\">Full name<span class=\"quform-required\">*<\/span><\/label><\/div><div class=\"quform-inner quform-inner-text quform-inner-1_12\"><div class=\"quform-input quform-input-text quform-input-1_12 quform-cf\"><input type=\"text\" id=\"quform_1_12_d68119\" name=\"quform_1_12\" class=\"quform-field quform-field-text quform-field-1_12\" \/><\/div><\/div><\/div><\/div><div class=\"quform-element quform-element-email quform-element-1_4 quform-cf quform-labels-inside quform-element-required\"><div class=\"quform-spacer\"><div class=\"quform-label quform-label-1_4\"><span class=\"quform-label-icon\"><i class=\"fa fa-envelope-o\"><\/i><\/span><label class=\"quform-label-text\" for=\"quform_1_4_d68119\">Email address<span class=\"quform-required\">*<\/span><\/label><\/div><div class=\"quform-inner quform-inner-email quform-inner-1_4\"><div class=\"quform-input quform-input-email quform-input-1_4 quform-cf\"><input type=\"email\" id=\"quform_1_4_d68119\" name=\"quform_1_4\" class=\"quform-field quform-field-email quform-field-1_4\" \/><\/div><\/div><\/div><\/div><div class=\"quform-element quform-element-text quform-element-1_6 quform-cf quform-labels-inside quform-element-required\"><div class=\"quform-spacer\"><div class=\"quform-label quform-label-1_6\"><span class=\"quform-label-icon\"><i class=\"fa fa-whatsapp\"><\/i><\/span><label class=\"quform-label-text\" for=\"quform_1_6_d68119\">Phone \/ WhatsApp<span class=\"quform-required\">*<\/span><\/label><\/div><div class=\"quform-inner quform-inner-text quform-inner-1_6\"><div class=\"quform-input quform-input-text quform-input-1_6 quform-cf\"><input type=\"text\" id=\"quform_1_6_d68119\" name=\"quform_1_6\" class=\"quform-field quform-field-text quform-field-1_6\" \/><\/div><\/div><\/div><\/div><div class=\"quform-element quform-element-select quform-element-1_15 quform-cf quform-element-required\"><div class=\"quform-spacer\"><div class=\"quform-label quform-label-1_15\"><label class=\"quform-label-text\" for=\"quform_1_15_d68119\">What is the subject of your message?<span class=\"quform-required\">*<\/span><\/label><\/div><div class=\"quform-inner quform-inner-select quform-inner-1_15\"><div class=\"quform-input quform-input-select quform-input-1_15 quform-cf\"><select id=\"quform_1_15_d68119\" name=\"quform_1_15\" class=\"quform-field quform-field-select quform-field-1_15\"><option value=\"\" selected=\"selected\">Please select<\/option><option value=\"Contato e D\u00favidas Gerais\">Contact and General Questions<\/option><option value=\"Vendas e Or\u00e7amentos\">Sales and Budgets<\/option><option value=\"Reclama\u00e7\u00f5es e Sugest\u00f5es\">Complaints and Suggestions<\/option><option value=\"Assuntos Diversos\">Miscellaneous Matters<\/option><\/select><\/div><\/div><\/div><\/div><div class=\"quform-element quform-element-textarea quform-element-1_7 quform-cf quform-labels-inside quform-element-optional\"><div class=\"quform-spacer\"><div class=\"quform-label quform-label-1_7\"><label class=\"quform-label-text\" for=\"quform_1_7_d68119\">write your message<\/label><\/div><div class=\"quform-inner quform-inner-textarea quform-inner-1_7\"><div class=\"quform-input quform-input-textarea quform-input-1_7 quform-cf\"><textarea id=\"quform_1_7_d68119\" name=\"quform_1_7\" class=\"quform-field quform-field-textarea quform-field-1_7\"><\/textarea><\/div><\/div><\/div><\/div><div class=\"quform-element quform-element-captcha quform-element-1_11 quform-cf quform-labels-inside quform-element-required\"><div class=\"quform-spacer\"><div class=\"quform-label quform-label-1_11\"><label class=\"quform-label-text\" for=\"quform_1_11_d68119\">Please enter the characters<span class=\"quform-required\">*<\/span><\/label><\/div><div class=\"quform-inner quform-inner-captcha quform-inner-1_11\"><div class=\"quform-input quform-input-captcha quform-input-1_11 quform-cf\"><input type=\"text\" id=\"quform_1_11_d68119\" name=\"quform_1_11\" class=\"quform-field quform-field-captcha quform-field-1_11\" \/><\/div><div class=\"quform-captcha quform-cf\"><div class=\"quform-captcha-image quform-captcha-image-1_11\"><img loading=\"lazy\" decoding=\"async\" class=\"quform-captcha-image-img\" src=\"data:image\/png;base64,iVBORw0KGgoAAAANSUhEUgAAAOYAAABQBAMAAAD\/1xTgAAAAG1BMVEX\/\/\/8iIiLj4+OsrKx0dHRZWVnHx8c9PT2QkJBf4BKVAAAACXBIWXMAAA7EAAAOxAGVKw4bAAAEQ0lEQVRoge1YS1faQBQOCQwsOwqly+CTZSkc69KoqMvGQnUZfKDLRg\/Fpeip\/u3O3HkmJAM+iOf05FuFyZ37zdz57p0bLCtHjhw5cvwHsN2MCVe7J\/hztpQ2Jqhmy+lQznq2nIhy4mw5Lb86yZwTWQ2M3YxJrcLHcAZmC7vT7319V84yxmaHyKfajtmgo3l82yfjfr\/f298\/+qYGN863SrM4PdB2tHBczAwOoIwF6i4fcpg7fG+at8lsavoYTeudOTgbklOYozD6OxE2MTodetGEqpBJn+bgbCnOH2xkgufgJKH\/Q+MbLVbjTmqVRtvq7CaKky2xSMN8oq0hEQOI6gQvxzzjL8n2NlHcsfhBljocDs\/bHYyXYIBsnDhqEs7fBk4f3lZGcZ2FKVUajj+Qk6vigYUlZGK6MnIipuqNoRsdbvsplYQmFr6Jc7ZYnByuf8cohwoVDzokp\/Cgja5Rx9MZhrrjMVFcKA8iFCcwYEMlfo5IxDoRRSIerm\/FUcGJKuB2isnCgr3Mtl7gXux4vkdQIhLi6lOi8UB7U9Hhdg\/SIbi2t2kVart0QN4nRs4yrhWF3AM+5uB6YK3Hlcx3T7bmixAQzqUmbP4nGxiINA+nZkc5ib4PLOSpYEKg0FRLQxzeWqtEmWuiFpNjq\/KFHEc5\/bRUoyjhOsa7lpIczLyHpcZMPciDTe3gHVUSWJAGIra+qQkryoNUS2uBg0m8yrN4OZq4KhonLLghDsiL1u8oKlKgA2nWgsUO4iWT6d\/WOEEJ1cf2IeaNXlncJxMTJ5JJUtA4A5gfKyWSU45Tzjv68J1fXiXxcmJsNkMRDsXZgPnFuNx9EdsdMUKCVHPpA72cfrOXy9zW1Ph5grMhj73ASjCuXu\/qlhOhoXsxguRzgx8or7dUXG4650AdgUipIqiJFnNdfDSQt24z4s27US9hdgtuRqgevf5OGqc4Au2cbHrENFwRTtEAJGaBw9VPvOG99jMvHmmciFtfaXlHVPdI25qqVuZltdLqsN0dBdILW4qvpU96inpQEy70joj5v33SzUgadOOeBrKOSM6ixplecmk4eidYu\/1Zn3MXNSsQp+hvWD911VgoF+rIK+IS6O4Oe49bqZTQbExForP\/FDMrTGc5ze2aXLg4vdXu\/tFZOh0DC0e8qU6wOt1yI0OO0knDeEkngIajGswwgq9nPNrT7Ahnnf\/0zY1eAlDbEHuBK66MAzVN3rnreNbHwusge9lfcojsrkab3SbGppr+akC3PAZSuSP4dKj3oYe+MU1+JVoQVfva1\/JOfpzg+T6pXgohUcKjwrguKY\/T5r0BqhxH\/iu45JR3ybPezMmToRS5ppq0otT2FkEpugQLCq+rv1gZriyGEbq+QDwsiiMOcofUHs9WNp6xqXV9X2h95Qur3BvQEpSLqDgpsHnHUQuy44T\/gsPRkZslZY4cOXLkyJHjA\/AP1syrjWxIL6wAAAAASUVORK5CYII=\" alt=\"CAPTCHA image\" data-element-id=\"11\" width=\"115\" height=\"40\" \/><\/div><\/div><p class=\"quform-description quform-description-below\">This helps us to avoid spam, thank you.<\/p><\/div><\/div><\/div><div class=\"quform-element quform-element-submit quform-element-1_2 quform-cf quform-button-style-theme quform-button-size-fat quform-button-width-full\"><div class=\"quform-button-submit quform-button-submit-default quform-button-submit-1_2 quform-button-icon-right\"><button name=\"quform_submit\" type=\"submit\" class=\"quform-submit\" value=\"submit\"><span class=\"quform-button-text quform-button-submit-text\">To send<\/span><span class=\"quform-button-icon quform-button-submit-icon\"><i class=\"qicon-paper-plane\"><\/i><\/span><\/button><\/div><div class=\"quform-loading quform-loading-position-left quform-loading-type-spinner-3\"><div class=\"quform-loading-inner\"><div class=\"quform-loading-spinner\"><div class=\"quform-loading-spinner-inner\"><\/div><\/div><\/div><\/div><\/div><div class=\"quform-element-tree\"><label for=\"quform_1_0_d68119\">This field should be left blank<\/label><input type=\"text\" id=\"quform_1_0_d68119\" name=\"quform_1_0\" class=\"quform-field quform-field-tree quform-field-1_0\" tabindex=\"-1\" autocomplete=\"off\" \/><\/div><\/div><\/div><\/div><\/div><input type=\"hidden\" name=\"trp-form-language\" value=\"en\"\/><\/form><\/div>\n\t\t<\/div>\n\t\t\t\t\t<\/div>\n\n\t\n\n\t<div id=\"col-1592188285\" class=\"col medium-6 small-12 large-6\"  >\n\t\t\t\t<div class=\"col-inner\"  >\n\t\t\t\n\t\t\t\n\t<div id=\"gap-750717729\" class=\"gap-element clearfix\" style=\"display:block; height:auto;\">\n\t\t\n<style>\n#gap-750717729 {\n  padding-top: 30px;\n}\n<\/style>\n\t<\/div>\n\t\n<h1 class=\"product-title entry-title\">call center<\/h1>\n<div class=\"infocentral\"><div class=\"nta_wa_button\" data-id=\"20\" data-info=\"{&quot;name&quot;:&quot;Atendimento&quot;,&quot;info&quot;:{&quot;number&quot;:&quot;5511974685620&quot;,&quot;title&quot;:&quot;Atendimento ao cliente&quot;,&quot;predefinedText&quot;:&quot;Ol\\u00e1, estou agora no site *[njwa_page_url]*, e gostaria de conversar mais...&quot;,&quot;willBeBackText&quot;:&quot;N\\u00f3s voltamos em [njwa_time_work]&quot;,&quot;dayOffsText&quot;:&quot;Estamos online em hor\\u00e1rio comercial.&quot;,&quot;isAlwaysAvailable&quot;:&quot;OFF&quot;,&quot;daysOfWeekWorking&quot;:{&quot;sunday&quot;:{&quot;isWorkingOnDay&quot;:&quot;OFF&quot;,&quot;workHours&quot;:[{&quot;startTime&quot;:&quot;08:00&quot;,&quot;endTime&quot;:&quot;17:30&quot;}]},&quot;monday&quot;:{&quot;isWorkingOnDay&quot;:&quot;ON&quot;,&quot;workHours&quot;:[{&quot;startTime&quot;:&quot;08:00&quot;,&quot;endTime&quot;:&quot;22:00&quot;}]},&quot;tuesday&quot;:{&quot;isWorkingOnDay&quot;:&quot;ON&quot;,&quot;workHours&quot;:[{&quot;startTime&quot;:&quot;08:00&quot;,&quot;endTime&quot;:&quot;22:00&quot;}]},&quot;wednesday&quot;:{&quot;isWorkingOnDay&quot;:&quot;ON&quot;,&quot;workHours&quot;:[{&quot;startTime&quot;:&quot;08:00&quot;,&quot;endTime&quot;:&quot;22:00&quot;}]},&quot;thursday&quot;:{&quot;isWorkingOnDay&quot;:&quot;ON&quot;,&quot;workHours&quot;:[{&quot;startTime&quot;:&quot;08:00&quot;,&quot;endTime&quot;:&quot;22:00&quot;}]},&quot;friday&quot;:{&quot;isWorkingOnDay&quot;:&quot;ON&quot;,&quot;workHours&quot;:[{&quot;startTime&quot;:&quot;08:00&quot;,&quot;endTime&quot;:&quot;22:00&quot;}]},&quot;saturday&quot;:{&quot;isWorkingOnDay&quot;:&quot;ON&quot;,&quot;workHours&quot;:[{&quot;startTime&quot;:&quot;08:00&quot;,&quot;endTime&quot;:&quot;22:00&quot;}]}}},&quot;styles&quot;:{&quot;type&quot;:&quot;round&quot;,&quot;backgroundColor&quot;:&quot;#2DB742&quot;,&quot;textColor&quot;:&quot;#fff&quot;,&quot;label&quot;:&quot;Converse agora via WhatsApp&quot;,&quot;width&quot;:300,&quot;height&quot;:64},&quot;avatar&quot;:&quot;https:\\\/\\\/minitoys.com.br\\\/wp-content\\\/uploads\\\/2020\\\/07\\\/att.png&quot;,&quot;options&quot;:{&quot;display&quot;:{&quot;displayCondition&quot;:&quot;excludePages&quot;,&quot;includePages&quot;:[],&quot;excludePages&quot;:[&quot;274&quot;,&quot;13&quot;,&quot;12&quot;],&quot;showOnDesktop&quot;:&quot;ON&quot;,&quot;showOnMobile&quot;:&quot;ON&quot;,&quot;time_symbols&quot;:&quot;h:m&quot;},&quot;styles&quot;:{&quot;title&quot;:&quot;Converse agora via WhatsApp&quot;,&quot;responseText&quot;:&quot;Este atendimento normalmente responde em minutos.&quot;,&quot;description&quot;:&quot;&quot;,&quot;backgroundColor&quot;:&quot;#2db742&quot;,&quot;textColor&quot;:&quot;#fff&quot;,&quot;scrollHeight&quot;:500,&quot;isShowScroll&quot;:&quot;OFF&quot;,&quot;isShowResponseText&quot;:&quot;ON&quot;,&quot;btnLabel&quot;:&quot;Converse via &lt;strong&gt;WhatsApp&lt;\\\/strong&gt;&quot;,&quot;btnLabelWidth&quot;:156,&quot;btnPosition&quot;:&quot;right&quot;,&quot;btnLeftDistance&quot;:30,&quot;btnRightDistance&quot;:30,&quot;btnBottomDistance&quot;:30,&quot;isShowBtnLabel&quot;:&quot;ON&quot;,&quot;isShowGDPR&quot;:&quot;OFF&quot;,&quot;gdprContent&quot;:&quot;Please accept our &lt;a href=\\&quot;https:\\\/\\\/ninjateam.org\\\/privacy-policy\\\/\\&quot;&gt;privacy policy&lt;\\\/a&gt; first to start a conversation.&quot;},&quot;analytics&quot;:{&quot;enabledGoogle&quot;:&quot;OFF&quot;,&quot;enabledFacebook&quot;:&quot;OFF&quot;,&quot;position&quot;:&quot;after_atc&quot;,&quot;isShow&quot;:&quot;OFF&quot;}},&quot;gdprStatus&quot;:false,&quot;defaultAvatar&quot;:&quot;https:\\\/\\\/minitoys.com.br\\\/wp-content\\\/plugins\\\/whatsapp-for-wordpress\\\/assets\\\/img\\\/whatsapp_logo.svg&quot;}\"><\/div><\/div>\n<div class=\"infocentral\">\n<div class=\"imagemicone\"><i class=\"fas fa-map-marker-alt iconelocal\"><\/i><\/div>\n<div class=\"enderecocontato\"><span class=\"LrzXr\">Rua Lagoa Bonita, 99<\/span> \u2013 Jardim Imperador (East Zone)<\/p>\n<p>Sao Paulo-SP<br \/>ZIP CODE:<br \/>\n            <span class=\"LrzXr\">03934-030<\/span><\/p>\n<\/p><\/div>\n<\/div>\n<h1 class=\"product-title entry-title\">See the location map below:<\/h1>\n<p><iframe src=\"https:\/\/www.google.com\/maps\/embed?pb=!1m18!1m12!1m3!1d3656.393650981834!2d-46.50650888529181!3d-23.59021116854288!2m3!1f0!2f0!3f0!3m2!1i1024!2i768!4f13.1!3m3!1m2!1s0x94ce679058b363bf%3A0x55f9b5fbd79d8eeb!2sMini%20Toys%20Com%C3%A9rcio%20De%20Brinquedos%20Ltda!5e0!3m2!1spt-BR!2sbr!4v1675097780965!5m2!1spt-BR!2sbr\" width=\"100%\" height=\"450\" style=\"border:0;\" allowfullscreen=\"\" loading=\"lazy\" referrerpolicy=\"no-referrer-when-downgrade\"><\/iframe><\/p>\n<a rel=\"noopener noreferrer\" href=\"https:\/\/www.google.com.br\/maps\/dir\/\/Mini+Toys+Com%C3%A9rcio+De+Brinquedos+Ltda+-+R.+Lagoa+Bonita,+99+-+Jardim+Imperador+(Zona+Leste),+S%C3%A3o+Paulo+-+SP,+03934-030\/@-23.5902112,-46.5065089,17z\/data=!4m9!4m8!1m0!1m5!1m1!1s0x94ce679058b363bf:0x55f9b5fbd79d8eeb!2m2!1d-46.50433!2d-23.5902113!3e0\" target=\"_blank\" class=\"button primary is-underline is-large expand\"  >\n  <i class=\"icon-map-pin-fill\" ><\/i>  <span>See how to get there<\/span>\n  <\/a>\n\n\t\t<\/div>\n\t\t\t\t\t<\/div>\n\n\t\n<\/div>","protected":false},"excerpt":{"rendered":"","protected":false},"author":2,"featured_media":0,"parent":0,"menu_order":0,"comment_status":"closed","ping_status":"closed","template":"page-blank.php","meta":{"footnotes":""},"acf":[],"_links":{"self":[{"href":"https:\/\/minitoys.com.br\/en\/wp-json\/wp\/v2\/pages\/191"}],"collection":[{"href":"https:\/\/minitoys.com.br\/en\/wp-json\/wp\/v2\/pages"}],"about":[{"href":"https:\/\/minitoys.com.br\/en\/wp-json\/wp\/v2\/types\/page"}],"author":[{"embeddable":true,"href":"https:\/\/minitoys.com.br\/en\/wp-json\/wp\/v2\/users\/2"}],"replies":[{"embeddable":true,"href":"https:\/\/minitoys.com.br\/en\/wp-json\/wp\/v2\/comments?post=191"}],"version-history":[{"count":10,"href":"https:\/\/minitoys.com.br\/en\/wp-json\/wp\/v2\/pages\/191\/revisions"}],"predecessor-version":[{"id":2098,"href":"https:\/\/minitoys.com.br\/en\/wp-json\/wp\/v2\/pages\/191\/revisions\/2098"}],"wp:attachment":[{"href":"https:\/\/minitoys.com.br\/en\/wp-json\/wp\/v2\/media?parent=191"}],"curies":[{"name":"wp","href":"https:\/\/api.w.org\/{rel}","templated":true}]}}