{"id":1924,"date":"2023-01-24T14:56:18","date_gmt":"2023-01-24T17:56:18","guid":{"rendered":"https:\/\/minitoys.com.br\/?post_type=product&#038;p=1924"},"modified":"2023-01-27T17:23:45","modified_gmt":"2023-01-27T20:23:45","slug":"quebra-cabeca-herois-modelo-2-com-30-pecas","status":"publish","type":"product","link":"https:\/\/minitoys.com.br\/en\/product\/quebra-cabeca-herois-modelo-2-com-30-pecas\/","title":{"rendered":"QUEBRA-CABE\u00c7A HEROIS MODELO 2 COM 30 PE\u00c7AS"},"content":{"rendered":"","protected":false},"excerpt":{"rendered":"<p>C\u00f3d.: 0919<br \/>\nMedida aprox.: 24 x 19 cm<br \/>\nEmbalagem c\/ 02<br \/>\nCaixa master c\/ 32 unidades<\/p>","protected":false},"featured_media":1511,"comment_status":"open","ping_status":"closed","template":"","meta":[],"product_cat":[121,124],"product_tag":[],"acf":[],"_links":{"self":[{"href":"https:\/\/minitoys.com.br\/en\/wp-json\/wp\/v2\/product\/1924"}],"collection":[{"href":"https:\/\/minitoys.com.br\/en\/wp-json\/wp\/v2\/product"}],"about":[{"href":"https:\/\/minitoys.com.br\/en\/wp-json\/wp\/v2\/types\/product"}],"replies":[{"embeddable":true,"href":"https:\/\/minitoys.com.br\/en\/wp-json\/wp\/v2\/comments?post=1924"}],"wp:featuredmedia":[{"embeddable":true,"href":"https:\/\/minitoys.com.br\/en\/wp-json\/wp\/v2\/media\/1511"}],"wp:attachment":[{"href":"https:\/\/minitoys.com.br\/en\/wp-json\/wp\/v2\/media?parent=1924"}],"wp:term":[{"taxonomy":"product_cat","embeddable":true,"href":"https:\/\/minitoys.com.br\/en\/wp-json\/wp\/v2\/product_cat?post=1924"},{"taxonomy":"product_tag","embeddable":true,"href":"https:\/\/minitoys.com.br\/en\/wp-json\/wp\/v2\/product_tag?post=1924"}],"curies":[{"name":"wp","href":"https:\/\/api.w.org\/{rel}","templated":true}]}}