{"id":2260,"date":"2023-09-22T15:53:52","date_gmt":"2023-09-22T18:53:52","guid":{"rendered":"https:\/\/minitoys.com.br\/?post_type=product&#038;p=2260"},"modified":"2023-09-22T15:56:39","modified_gmt":"2023-09-22T18:56:39","slug":"cestinha-coracao-barbara","status":"publish","type":"product","link":"https:\/\/minitoys.com.br\/en\/product\/cestinha-coracao-barbara\/","title":{"rendered":"CESTINHA CORA\u00c7\u00c3O BARBARA"},"content":{"rendered":"","protected":false},"excerpt":{"rendered":"<p>C\u00f3d.: 2001A<br \/>\nMedida aprox.: 20,5 x \u00d8 12 cm<br \/>\nCaixa c\/ 20 unidades<\/p>","protected":false},"featured_media":2261,"comment_status":"open","ping_status":"closed","template":"","meta":[],"product_cat":[144,115,133,135],"product_tag":[],"acf":[],"_links":{"self":[{"href":"https:\/\/minitoys.com.br\/en\/wp-json\/wp\/v2\/product\/2260"}],"collection":[{"href":"https:\/\/minitoys.com.br\/en\/wp-json\/wp\/v2\/product"}],"about":[{"href":"https:\/\/minitoys.com.br\/en\/wp-json\/wp\/v2\/types\/product"}],"replies":[{"embeddable":true,"href":"https:\/\/minitoys.com.br\/en\/wp-json\/wp\/v2\/comments?post=2260"}],"wp:featuredmedia":[{"embeddable":true,"href":"https:\/\/minitoys.com.br\/en\/wp-json\/wp\/v2\/media\/2261"}],"wp:attachment":[{"href":"https:\/\/minitoys.com.br\/en\/wp-json\/wp\/v2\/media?parent=2260"}],"wp:term":[{"taxonomy":"product_cat","embeddable":true,"href":"https:\/\/minitoys.com.br\/en\/wp-json\/wp\/v2\/product_cat?post=2260"},{"taxonomy":"product_tag","embeddable":true,"href":"https:\/\/minitoys.com.br\/en\/wp-json\/wp\/v2\/product_tag?post=2260"}],"curies":[{"name":"wp","href":"https:\/\/api.w.org\/{rel}","templated":true}]}}