{"id":2431,"date":"2024-03-12T16:26:42","date_gmt":"2024-03-12T19:26:42","guid":{"rendered":"https:\/\/minitoys.com.br\/?post_type=product&#038;p=2431"},"modified":"2024-06-27T16:37:25","modified_gmt":"2024-06-27T19:37:25","slug":"colecao-mayzinha-bola-desmontavel","status":"publish","type":"product","link":"https:\/\/minitoys.com.br\/en\/product\/colecao-mayzinha-bola-desmontavel\/","title":{"rendered":"COLE\u00c7\u00c3O MAYZINHA &#8211; BOLA DESMONT\u00c1VEL"},"content":{"rendered":"<p>Solapa c\/ 1 unidade<br \/>\nCaixa master c\/ 24 solapas<\/p>","protected":false},"excerpt":{"rendered":"<p>Solapa c\/ 1 unidade Caixa master c\/ 24 solapas<\/p>","protected":false},"featured_media":2432,"comment_status":"open","ping_status":"closed","template":"","meta":[],"product_cat":[126,145,120,128],"product_tag":[],"acf":[],"_links":{"self":[{"href":"https:\/\/minitoys.com.br\/en\/wp-json\/wp\/v2\/product\/2431"}],"collection":[{"href":"https:\/\/minitoys.com.br\/en\/wp-json\/wp\/v2\/product"}],"about":[{"href":"https:\/\/minitoys.com.br\/en\/wp-json\/wp\/v2\/types\/product"}],"replies":[{"embeddable":true,"href":"https:\/\/minitoys.com.br\/en\/wp-json\/wp\/v2\/comments?post=2431"}],"wp:featuredmedia":[{"embeddable":true,"href":"https:\/\/minitoys.com.br\/en\/wp-json\/wp\/v2\/media\/2432"}],"wp:attachment":[{"href":"https:\/\/minitoys.com.br\/en\/wp-json\/wp\/v2\/media?parent=2431"}],"wp:term":[{"taxonomy":"product_cat","embeddable":true,"href":"https:\/\/minitoys.com.br\/en\/wp-json\/wp\/v2\/product_cat?post=2431"},{"taxonomy":"product_tag","embeddable":true,"href":"https:\/\/minitoys.com.br\/en\/wp-json\/wp\/v2\/product_tag?post=2431"}],"curies":[{"name":"wp","href":"https:\/\/api.w.org\/{rel}","templated":true}]}}