{"id":2448,"date":"2024-03-12T16:49:41","date_gmt":"2024-03-12T19:49:41","guid":{"rendered":"https:\/\/minitoys.com.br\/?post_type=product&#038;p=2448"},"modified":"2024-06-27T16:44:15","modified_gmt":"2024-06-27T19:44:15","slug":"colecao-mayzinha-nariz-de-palhaco","status":"publish","type":"product","link":"https:\/\/minitoys.com.br\/en\/product\/colecao-mayzinha-nariz-de-palhaco\/","title":{"rendered":"COLE\u00c7\u00c3O MAYZINHA &#8211; NARIZ DE PALHA\u00c7O"},"content":{"rendered":"<p>Solapa c\/ 3 unidades<br \/>\nCaixa master c\/ 24 solapas<\/p>","protected":false},"excerpt":{"rendered":"<p>Solapa c\/ 3 unidades Caixa master c\/ 24 solapas<\/p>","protected":false},"featured_media":2385,"comment_status":"open","ping_status":"closed","template":"","meta":[],"product_cat":[126,145,120,128],"product_tag":[],"acf":[],"_links":{"self":[{"href":"https:\/\/minitoys.com.br\/en\/wp-json\/wp\/v2\/product\/2448"}],"collection":[{"href":"https:\/\/minitoys.com.br\/en\/wp-json\/wp\/v2\/product"}],"about":[{"href":"https:\/\/minitoys.com.br\/en\/wp-json\/wp\/v2\/types\/product"}],"replies":[{"embeddable":true,"href":"https:\/\/minitoys.com.br\/en\/wp-json\/wp\/v2\/comments?post=2448"}],"wp:featuredmedia":[{"embeddable":true,"href":"https:\/\/minitoys.com.br\/en\/wp-json\/wp\/v2\/media\/2385"}],"wp:attachment":[{"href":"https:\/\/minitoys.com.br\/en\/wp-json\/wp\/v2\/media?parent=2448"}],"wp:term":[{"taxonomy":"product_cat","embeddable":true,"href":"https:\/\/minitoys.com.br\/en\/wp-json\/wp\/v2\/product_cat?post=2448"},{"taxonomy":"product_tag","embeddable":true,"href":"https:\/\/minitoys.com.br\/en\/wp-json\/wp\/v2\/product_tag?post=2448"}],"curies":[{"name":"wp","href":"https:\/\/api.w.org\/{rel}","templated":true}]}}