{"id":2979,"date":"2025-05-21T12:33:43","date_gmt":"2025-05-21T15:33:43","guid":{"rendered":"https:\/\/minitoys.com.br\/?post_type=product&#038;p=2979"},"modified":"2025-06-03T09:01:16","modified_gmt":"2025-06-03T12:01:16","slug":"colecao-ninja-guardiao-das-trevas","status":"publish","type":"product","link":"https:\/\/minitoys.com.br\/en\/product\/colecao-ninja-guardiao-das-trevas\/","title":{"rendered":"COLE\u00c7\u00c3O NINJA &#8211; GUARDI\u00c3O DAS TREVAS"},"content":{"rendered":"<p>Caixa master com 20 unidades<\/p>","protected":false},"excerpt":{"rendered":"<p>Caixa master com 20 unidades<\/p>","protected":false},"featured_media":2970,"comment_status":"open","ping_status":"closed","template":"","meta":[],"product_cat":[119,135],"product_tag":[],"acf":[],"_links":{"self":[{"href":"https:\/\/minitoys.com.br\/en\/wp-json\/wp\/v2\/product\/2979"}],"collection":[{"href":"https:\/\/minitoys.com.br\/en\/wp-json\/wp\/v2\/product"}],"about":[{"href":"https:\/\/minitoys.com.br\/en\/wp-json\/wp\/v2\/types\/product"}],"replies":[{"embeddable":true,"href":"https:\/\/minitoys.com.br\/en\/wp-json\/wp\/v2\/comments?post=2979"}],"wp:featuredmedia":[{"embeddable":true,"href":"https:\/\/minitoys.com.br\/en\/wp-json\/wp\/v2\/media\/2970"}],"wp:attachment":[{"href":"https:\/\/minitoys.com.br\/en\/wp-json\/wp\/v2\/media?parent=2979"}],"wp:term":[{"taxonomy":"product_cat","embeddable":true,"href":"https:\/\/minitoys.com.br\/en\/wp-json\/wp\/v2\/product_cat?post=2979"},{"taxonomy":"product_tag","embeddable":true,"href":"https:\/\/minitoys.com.br\/en\/wp-json\/wp\/v2\/product_tag?post=2979"}],"curies":[{"name":"wp","href":"https:\/\/api.w.org\/{rel}","templated":true}]}}