{"id":1093,"date":"2022-12-07T07:45:10","date_gmt":"2022-12-07T10:45:10","guid":{"rendered":"https:\/\/minitoys.com.br\/?page_id=1093"},"modified":"2022-12-14T18:05:35","modified_gmt":"2022-12-14T21:05:35","slug":"trabalhe-conosco","status":"publish","type":"page","link":"https:\/\/minitoys.com.br\/es\/trabalhe-conosco\/","title":{"rendered":"Trabaja con nosotros"},"content":{"rendered":"<div id=\"page-header-866658486\" class=\"page-header-wrapper\">\n  <div class=\"page-title dark featured-title\">\n\n        <div class=\"page-title-bg\">\n      <div class=\"title-bg fill bg-fill\"\n        data-parallax-container=\".page-title\"\n        data-parallax-background\n data-parallax=\"-\">\n      <\/div>\n      <div class=\"title-overlay fill\"><\/div>\n    <\/div>\n    \n    <div class=\"page-title-inner container align-center flex-row medium-flex-wrap\" >\n              <div class=\"title-wrapper flex-col text-left medium-text-center\">\n          <h1 class=\"entry-title mb-0\">\n            Trabaja con nosotros          <\/h1>\n        <\/div>\n                    <div class=\"title-content flex-col flex-right text-right medium-text-center\">\n              <\/div>\n    <\/div>\n\n     \n<style>\n#page-header-866658486 .page-title-inner {\n  min-height: 170px;\n}\n#page-header-866658486 .title-bg {\n  background-image: url(https:\/\/minitoys.com.br\/wp-content\/uploads\/2022\/12\/topo_paginastrab-1.jpg);\n}\n#page-header-866658486 .featured-title {\n  background-color: rgb(255, 253, 253);\n}\n<\/style>\n  <\/div>\n    <\/div>\n  \n<div class=\"row\"  id=\"row-1018860016\">\n\n\t<div id=\"col-1897599448\" class=\"col medium-6 small-12 large-6\"  >\n\t\t\t\t<div class=\"col-inner\"  >\n\t\t\t\n\t\t\t\n\t<div id=\"gap-458967793\" class=\"gap-element clearfix\" style=\"display:block; height:auto;\">\n\t\t\n<style>\n#gap-458967793 {\n  padding-top: 30px;\n}\n<\/style>\n\t<\/div>\n\t\n<h1 class=\"product-title entry-title\">Preencha o Formul\u00e1rio<\/h1>\n<p>Lembre-se que ao preencher este formul\u00e1rio, ele ser\u00e1 o nosso primeiro contato com voc\u00ea, ent\u00e3o descreva ao m\u00e1ximo sua hist\u00f3ria profissional, experi\u00eancias e anexe um curriculum vitae. Assim voc\u00ea ter\u00e1 dado o primeiro passo para infinitas possibilidades conosco.<\/p>\n<div id=\"quform-c23a42\" class=\"quform quform-3 quform-theme-light quform-support-page-caching\"><form id=\"quform-form-c23a42\" class=\"quform-form quform-form-3\" action=\"\/es\/wp-json\/wp\/v2\/pages\/1093#quform-c23a42\" method=\"post\" enctype=\"multipart\/form-data\" novalidate=\"novalidate\" data-options=\"{&quot;id&quot;:3,&quot;uniqueId&quot;:&quot;c23a42&quot;,&quot;theme&quot;:&quot;light&quot;,&quot;ajax&quot;:true,&quot;logic&quot;:{&quot;logic&quot;:[],&quot;dependents&quot;:[],&quot;elementIds&quot;:[],&quot;dependentElementIds&quot;:[],&quot;animate&quot;:true},&quot;currentPageId&quot;:1,&quot;errorsIcon&quot;:&quot;&quot;,&quot;updateFancybox&quot;:true,&quot;hasPages&quot;:false,&quot;pages&quot;:[1],&quot;pageProgressType&quot;:&quot;numbers&quot;,&quot;tooltipsEnabled&quot;:true,&quot;tooltipClasses&quot;:&quot;qtip-quform-dark qtip-shadow&quot;,&quot;tooltipMy&quot;:&quot;left center&quot;,&quot;tooltipAt&quot;:&quot;right center&quot;,&quot;isRtl&quot;:false,&quot;scrollOffset&quot;:-50,&quot;scrollSpeed&quot;:800}\" data-trp-original-action=\"\/es\/wp-json\/wp\/v2\/pages\/1093#quform-c23a42\"><button class=\"quform-default-submit\" name=\"quform_submit\" type=\"submit\" value=\"submit\" aria-hidden=\"true\" tabindex=\"-1\"><\/button><div class=\"quform-form-inner quform-form-inner-3\"><input type=\"hidden\" name=\"quform_form_id\" value=\"3\" \/><input type=\"hidden\" name=\"quform_form_uid\" value=\"c23a42\" \/><input type=\"hidden\" name=\"quform_count\" value=\"1\" \/><input type=\"hidden\" name=\"form_url\" value=\"https:\/\/minitoys.com.br\/es\/wp-json\/wp\/v2\/pages\/1093\" \/><input type=\"hidden\" name=\"referring_url\" value=\"\" \/><input type=\"hidden\" name=\"post_id\" value=\"\" \/><input type=\"hidden\" name=\"post_title\" value=\"\" \/><input type=\"hidden\" name=\"quform_current_page_id\" value=\"1\" \/><input type=\"hidden\" name=\"quform_csrf_token\" value=\"V7TgPfALf3an0s3rNDKtdGkyo95QJOEMWxIhQf73\" \/><div class=\"quform-elements quform-elements-3 quform-cf quform-responsive-elements-phone-landscape\"><div class=\"quform-element quform-element-page quform-page-1 quform-page-3_1 quform-cf quform-group-style-plain quform-first-page quform-last-page quform-current-page\"><div class=\"quform-child-elements\"><div class=\"quform-element quform-element-text quform-element-3_12 quform-cf quform-labels-inside quform-element-required\"><div class=\"quform-spacer\"><div class=\"quform-label quform-label-3_12\"><span class=\"quform-label-icon\"><i class=\"fa fa-user\"><\/i><\/span><label class=\"quform-label-text\" for=\"quform_3_12_c23a42\">Nombre completo<span class=\"quform-required\">*<\/span><\/label><\/div><div class=\"quform-inner quform-inner-text quform-inner-3_12\"><div class=\"quform-input quform-input-text quform-input-3_12 quform-cf\"><input type=\"text\" id=\"quform_3_12_c23a42\" name=\"quform_3_12\" class=\"quform-field quform-field-text quform-field-3_12\" \/><\/div><\/div><\/div><\/div><div class=\"quform-element quform-element-email quform-element-3_4 quform-cf quform-labels-inside quform-element-required\"><div class=\"quform-spacer\"><div class=\"quform-label quform-label-3_4\"><span class=\"quform-label-icon\"><i class=\"fa fa-envelope-o\"><\/i><\/span><label class=\"quform-label-text\" for=\"quform_3_4_c23a42\">Direcci\u00f3n de correo electr\u00f3nico<span class=\"quform-required\">*<\/span><\/label><\/div><div class=\"quform-inner quform-inner-email quform-inner-3_4\"><div class=\"quform-input quform-input-email quform-input-3_4 quform-cf\"><input type=\"email\" id=\"quform_3_4_c23a42\" name=\"quform_3_4\" class=\"quform-field quform-field-email quform-field-3_4\" \/><\/div><\/div><\/div><\/div><div class=\"quform-element quform-element-text quform-element-3_6 quform-cf quform-labels-inside quform-element-required\"><div class=\"quform-spacer\"><div class=\"quform-label quform-label-3_6\"><span class=\"quform-label-icon\"><i class=\"fa fa-whatsapp\"><\/i><\/span><label class=\"quform-label-text\" for=\"quform_3_6_c23a42\">Tel\u00e9fono \/ WhatsApp<span class=\"quform-required\">*<\/span><\/label><\/div><div class=\"quform-inner quform-inner-text quform-inner-3_6\"><div class=\"quform-input quform-input-text quform-input-3_6 quform-cf\"><input type=\"text\" id=\"quform_3_6_c23a42\" name=\"quform_3_6\" class=\"quform-field quform-field-text quform-field-3_6\" \/><\/div><\/div><\/div><\/div><div class=\"quform-element quform-element-textarea quform-element-3_7 quform-cf quform-labels-inside quform-element-optional\"><div class=\"quform-spacer\"><div class=\"quform-label quform-label-3_7\"><label class=\"quform-label-text\" for=\"quform_3_7_c23a42\">Conte-nos um pouco sobre voc\u00ea (vaga pretendida, experi\u00eancias, deixe-nos lhe conhecer melhor).<\/label><\/div><div class=\"quform-inner quform-inner-textarea quform-inner-3_7\"><div class=\"quform-input quform-input-textarea quform-input-3_7 quform-cf\"><textarea id=\"quform_3_7_c23a42\" name=\"quform_3_7\" class=\"quform-field quform-field-textarea quform-field-3_7\"><\/textarea><\/div><\/div><\/div><\/div><div class=\"quform-element quform-element-html quform-element-3_8 quform-cf\"><div class=\"quform-spacer\"><strong>Voc\u00ea est\u00e1 atualmente empregado?<\/strong>\n\n<\/div><\/div><div class=\"quform-element quform-element-radio quform-element-3_14 quform-cf quform-element-optional\"><div class=\"quform-spacer\"><div class=\"quform-inner quform-inner-radio quform-inner-3_14\"><div class=\"quform-input quform-input-radio quform-input-3_14 quform-cf\"><div class=\"quform-options quform-cf quform-options-columns quform-2-columns quform-responsive-columns-phone-landscape quform-options-style-button quform-button-icon-left\"><div class=\"quform-option\"><input type=\"radio\" name=\"quform_3_14\" id=\"quform_3_14_c23a42_1\" class=\"quform-field quform-field-radio quform-field-3_14 quform-field-3_14_1\" value=\"Sim\" \/><label for=\"quform_3_14_c23a42_1\" class=\"quform-option-label quform-option-label-3_14_1\"><span class=\"quform-option-text\">Sim<\/span><\/label><\/div><div class=\"quform-option\"><input type=\"radio\" name=\"quform_3_14\" id=\"quform_3_14_c23a42_2\" class=\"quform-field quform-field-radio quform-field-3_14 quform-field-3_14_2\" value=\"N\u00e3o\" \/><label for=\"quform_3_14_c23a42_2\" class=\"quform-option-label quform-option-label-3_14_2\"><span class=\"quform-option-text\">N\u00e3o<\/span><\/label><\/div><\/div><\/div><\/div><\/div><\/div><div class=\"quform-element quform-element-html quform-element-3_16 quform-cf\"><div class=\"quform-spacer\"><strong>Anexe seu Curriculum Vitae (formato em pdf ou doc)<\/strong>\n\n<\/div><\/div><div class=\"quform-element quform-element-file quform-element-3_15 quform-cf quform-element-optional\"><div class=\"quform-spacer\"><div class=\"quform-label quform-label-3_15\"><label class=\"quform-label-text\" for=\"quform_3_15_c23a42\">Envio de arquivos<\/label><\/div><div class=\"quform-inner quform-inner-file quform-inner-3_15\"><div class=\"quform-input quform-input-file quform-input-3_15 quform-cf quform-button-style-theme\"><input type=\"file\" id=\"quform_3_15_c23a42\" name=\"quform_3_15[]\" class=\"quform-field quform-field-file quform-field-3_15 quform-field-file-enhanced\" data-config=\"{&quot;id&quot;:15,&quot;identifier&quot;:&quot;3_15&quot;,&quot;name&quot;:&quot;quform_3_15&quot;,&quot;max&quot;:1,&quot;size&quot;:10485760,&quot;allowedExtensions&quot;:[&quot;pdf&quot;,&quot;doc&quot;,&quot;docx&quot;],&quot;notAllowedTypeWithFilename&quot;:&quot;Tipo de arquivo inv\\u00e1lido (envie PDF, DOC ou DOCX)&quot;,&quot;tooBigWithFilename&quot;:&quot;Tamanho permitido de at\\u00e9 10MB&quot;,&quot;tooMany&quot;:&quot;You cannot upload more than %max% file(s)&quot;,&quot;buttonType&quot;:&quot;button&quot;,&quot;buttonText&quot;:&quot;Browse...&quot;,&quot;buttonIcon&quot;:&quot;qicon-file_upload&quot;,&quot;buttonIconPosition&quot;:&quot;right&quot;}\" \/><\/div><\/div><\/div><\/div><div class=\"quform-element quform-element-captcha quform-element-3_11 quform-cf quform-labels-inside quform-element-required\"><div class=\"quform-spacer\"><div class=\"quform-label quform-label-3_11\"><label class=\"quform-label-text\" for=\"quform_3_11_c23a42\">Por favor ingrese los caracteres<span class=\"quform-required\">*<\/span><\/label><\/div><div class=\"quform-inner quform-inner-captcha quform-inner-3_11\"><div class=\"quform-input quform-input-captcha quform-input-3_11 quform-cf\"><input type=\"text\" id=\"quform_3_11_c23a42\" name=\"quform_3_11\" class=\"quform-field quform-field-captcha quform-field-3_11\" \/><\/div><div class=\"quform-captcha quform-cf\"><div class=\"quform-captcha-image quform-captcha-image-3_11\"><img loading=\"lazy\" decoding=\"async\" class=\"quform-captcha-image-img\" src=\"data:image\/png;base64,iVBORw0KGgoAAAANSUhEUgAAAOYAAABQBAMAAAD\/1xTgAAAAJFBMVEX\/\/\/8iIiLHx8fj4+N0dHRZWVmsrKyQkJA9PT02NjZmZmZSUlJs\/JLjAAAACXBIWXMAAA7EAAAOxAGVKw4bAAADkUlEQVRoge1XTU\/bQBA13pD4yITQ+GgDaq9EQMsRk6rkiAuC9pZAUTjWpagc2YJUqf+m\/7Czs052bcf2YgVO+yRQ1vHu2\/l6M3EcCwsLCwsLCwuL5cH9tfPalCyGh9nn6M0r8I3A5wDr6XIV4IVNfv8xaAFhLX2SABy+KOU2QNcjyn5qHNPol48WfxoJMuL0Z\/7s4KJJQJlRQBLp0x7b\/Kmi6YgbbJjRbOo0UfcZnL8dpw1wMnsaQt8wiVzoqQXTF+U4IMpLh\/z5fX5fGGqrKmDunaoVB5M9zu6Uy+OxPAK1N+DK6iqgd+DicuaSCMbsW1D1fopQBtJT3nTBR6evV22a44YcdTg76lzTlQqge0QYBkg0f9LHZd+Ik3HKQbnwNP5qcPLqRCWAB1388yu2aNinKnPuhsh\/jx\/PjXaFlLGJqsgQ\/YMptXXtG+Ruh+xEZw3JzFuzm7ZIAGIVwAiTCqWIG+UuZlGPd1fQ1vEAtDzUwKbH+csz4Rv08FztuMgmipMZ5xrbEfnrf\/2bLIomi6BYuBM8nClJcFGDKDSwYeBbV0ozhRX+iax1x5nvRzdwxmGc24alue4qozBt3Uic8MdEilJOjI24JGZftveKhvXorBTsRxt7HRUKDwNEtzZSPyY5XdrxSTiR6xk\/oQhFRZ+j6u4pihDklc3UL+VEEfWPp7sA4jTtsiGOAgGDYgVgkn9R9Uh+PcezHpxpvalMyhiXYoDqh3Iy1r7emeDyfljY52paQtv9W7G9F5kIGXGups0vxEzMBW9Q4q9Ib9IcngJHRgIMGiJxJiCv5+HCy7aH1ZJuIVraXBK2j8R\/Ri5+qOfkuLM9GzJaaO4ga2enpFu0C8e3Y9NqEZyhKAgBjNJZToxY2ZgT5\/uB8Kz\/o56RRJPxOU8MBdHhJdPDJK+UkaEkEKensmFfCG\/2hag4PbwVR4f51hUaNiXijLVafncc5F4IYesy+2SfknySb9HuVT3bB2pcWFNQ2eC9gqTJO8aGo4iOtrQuqhkOSLsD\/YkY2U9E463YVYKBLN+kZhgW33\/OPGGkwUmT30RpW0xgVihlrz2Ns08E59V1o58KXIYxggUKrmGvWHGxnOSNekiB81FeusrMRRjIX2TPp0QDRX0d1Ji5CK7oz37QgBNve8S2G5iJKT\/yL5pQyinTcGpaGpLGqdAcbRqbTutfXCrpCPzi1PHSYK\/OaGFhYWFhYWGRwX+56okXxCyhcQAAAABJRU5ErkJggg==\" alt=\"CAPTCHA image\" data-element-id=\"11\" width=\"115\" height=\"40\" \/><\/div><\/div><p class=\"quform-description quform-description-below\">Esto nos ayuda a evitar el spam, gracias.<\/p><\/div><\/div><\/div><div class=\"quform-element quform-element-submit quform-element-3_2 quform-cf quform-button-style-theme quform-button-size-fat quform-button-width-full\"><div class=\"quform-button-submit quform-button-submit-default quform-button-submit-3_2 quform-button-icon-right\"><button name=\"quform_submit\" type=\"submit\" class=\"quform-submit\" value=\"submit\"><span class=\"quform-button-text quform-button-submit-text\">Cadastrar Cirr\u00edculo<\/span><span class=\"quform-button-icon quform-button-submit-icon\"><i class=\"fa fa-heart\"><\/i><\/span><\/button><\/div><div class=\"quform-loading quform-loading-position-left quform-loading-type-spinner-3\"><div class=\"quform-loading-inner\"><div class=\"quform-loading-spinner\"><div class=\"quform-loading-spinner-inner\"><\/div><\/div><\/div><\/div><\/div><div class=\"quform-element-tree\"><label for=\"quform_3_0_c23a42\">This field should be left blank<\/label><input type=\"text\" id=\"quform_3_0_c23a42\" name=\"quform_3_0\" class=\"quform-field quform-field-tree quform-field-3_0\" tabindex=\"-1\" autocomplete=\"off\" \/><\/div><\/div><\/div><\/div><div class=\"quform-upload-progress-wrap\"><div class=\"quform-upload-progress-bar-wrap\"><div class=\"quform-upload-progress-bar\"><\/div><\/div><div class=\"quform-upload-info quform-cf\"><div class=\"quform-upload-filename\"><\/div><\/div><\/div><\/div><input type=\"hidden\" name=\"trp-form-language\" value=\"es\"\/><\/form><\/div>\n\t\t<\/div>\n\t\t\t\t\t<\/div>\n\n\t\n\n\t<div id=\"col-315204029\" class=\"col medium-6 small-12 large-6\"  >\n\t\t\t\t<div class=\"col-inner\"  >\n\t\t\t\n\t\t\t\n\t<div id=\"gap-776072237\" class=\"gap-element clearfix\" style=\"display:block; height:auto;\">\n\t\t\n<style>\n#gap-776072237 {\n  padding-top: 30px;\n}\n<\/style>\n\t<\/div>\n\t\n\t<div class=\"img has-hover x md-x lg-x y md-y lg-y\" id=\"image_2087879366\">\n\t\t\t\t\t\t\t\t<div class=\"img-inner dark\" >\n\t\t\t<img loading=\"lazy\" decoding=\"async\" width=\"1580\" height=\"755\" src=\"https:\/\/minitoys.com.br\/wp-content\/uploads\/2022\/12\/carreirasneo.jpg\" class=\"attachment-original size-original wvs-attachment-image\" alt=\"\" srcset=\"https:\/\/minitoys.com.br\/wp-content\/uploads\/2022\/12\/carreirasneo.jpg 1580w, https:\/\/minitoys.com.br\/wp-content\/uploads\/2022\/12\/carreirasneo-300x143.jpg 300w, https:\/\/minitoys.com.br\/wp-content\/uploads\/2022\/12\/carreirasneo-1024x489.jpg 1024w, https:\/\/minitoys.com.br\/wp-content\/uploads\/2022\/12\/carreirasneo-768x367.jpg 768w, https:\/\/minitoys.com.br\/wp-content\/uploads\/2022\/12\/carreirasneo-1536x734.jpg 1536w\" sizes=\"(max-width: 1580px) 100vw, 1580px\" \/>\t\t\t\t\t\t\n\t\t\t\t\t<\/div>\n\t\t\t\t\t\t\t\t\n<style>\n#image_2087879366 {\n  width: 100%;\n}\n<\/style>\n\t<\/div>\n\t\n<h1 class=\"product-title entry-title\">Paix\u00e3o pelo que fazemos<\/h1>\n<p>N\u00f3s aqui da Dolcelina estamos em busca de pessoas que tenham interesse, proatividade para aprender, e, principalmente, queiram contribuir com esta evolu\u00e7\u00e3o constante.<\/p>\n<p>Buscamos pessoas com muita garra, brilho nos olhos, que goste de se comunicar e com muito bom humor!<\/p>\n<p>Se voc\u00ea tem uma postura pr\u00f3-ativa para resolu\u00e7\u00e3o de problemas, vis\u00e3o colaborativa, interesse em uma empresa que cresce todo ano e tamb\u00e9m tem facilidade de trabalhar em grupo, a Dolcelina \u00e9 para voc\u00ea!<\/p>\n<p>\u00a0<\/p>\n\t\t<\/div>\n\t\t\t\t\t<\/div>\n\n\t\n<\/div>","protected":false},"excerpt":{"rendered":"","protected":false},"author":2,"featured_media":0,"parent":0,"menu_order":0,"comment_status":"closed","ping_status":"closed","template":"page-blank.php","meta":{"footnotes":""},"acf":[],"_links":{"self":[{"href":"https:\/\/minitoys.com.br\/es\/wp-json\/wp\/v2\/pages\/1093"}],"collection":[{"href":"https:\/\/minitoys.com.br\/es\/wp-json\/wp\/v2\/pages"}],"about":[{"href":"https:\/\/minitoys.com.br\/es\/wp-json\/wp\/v2\/types\/page"}],"author":[{"embeddable":true,"href":"https:\/\/minitoys.com.br\/es\/wp-json\/wp\/v2\/users\/2"}],"replies":[{"embeddable":true,"href":"https:\/\/minitoys.com.br\/es\/wp-json\/wp\/v2\/comments?post=1093"}],"version-history":[{"count":13,"href":"https:\/\/minitoys.com.br\/es\/wp-json\/wp\/v2\/pages\/1093\/revisions"}],"predecessor-version":[{"id":1316,"href":"https:\/\/minitoys.com.br\/es\/wp-json\/wp\/v2\/pages\/1093\/revisions\/1316"}],"wp:attachment":[{"href":"https:\/\/minitoys.com.br\/es\/wp-json\/wp\/v2\/media?parent=1093"}],"curies":[{"name":"wp","href":"https:\/\/api.w.org\/{rel}","templated":true}]}}