{"id":168,"date":"2020-08-14T18:22:23","date_gmt":"2020-08-14T21:22:23","guid":{"rendered":"https:\/\/minitoys.com.br\/?page_id=168"},"modified":"2020-09-23T14:42:22","modified_gmt":"2020-09-23T17:42:22","slug":"termos-de-uso","status":"publish","type":"page","link":"https:\/\/minitoys.com.br\/es\/termos-de-uso\/","title":{"rendered":"Terminos de uso"},"content":{"rendered":"<div class=\"row\"  id=\"row-890018628\">\n\n\t<div id=\"col-2097545722\" class=\"col small-12 large-12\"  >\n\t\t\t\t<div class=\"col-inner\"  >\n\t\t\t\n\t\t\t\n<h1 class=\"product-title entry-title\">TERMINOS DE USO<\/h1>\n<p><strong>Restricciones en el uso de materiales<\/strong><\/p>\n<p>Este sitio web es propiedad y est\u00e1 operado por <b>minijuguetes<\/b><\/p>\n<p>Ning\u00fan material de\u00a0<strong> <b>minijuguetes<\/b> <\/strong>o cualquier otro sitio web propiedad de, operado, licenciado o controlado por <strong><b>minijuguetes<\/b> <\/strong>no se puede copiar, reproducir, volver a publicar, cargar, enviar, transmitir o distribuir bajo ninguna circunstancia, a menos que se permita descargar e imprimir el material solo para uso personal, no comercial, manteniendo intactos todos los derechos de autor y cualquier otro aviso de propiedad.<\/p>\n<p>La modificaci\u00f3n de materiales o el uso de materiales para cualquier otro prop\u00f3sito es una violaci\u00f3n de los derechos de autor y cualquier otro derecho de propiedad.<\/p>\n<p>Permiso para cualquier otro uso de los materiales en el sitio, incluidas la reproducci\u00f3n y distribuci\u00f3n, o enlaces a cualquier p\u00e1gina que no sea la &quot;p\u00e1gina de inicio&quot;\u00a0<strong>(https:\/\/minitoys.com.br) <\/strong>Se debe obtener el permiso por adelantado de la <strong><b>minijuguetes<\/b>.<\/strong> La solicitud debe ser enviada a trav\u00e9s de nuestro formulario de contacto, <a href=\"https:\/\/minitoys.com.br\/es\/fale-conosco\/\">haciendo clic aqu\u00ed<\/a>.<\/p>\n<p>A los fines de este Acuerdo, se proh\u00edbe el uso de cualquier material (o asunto) al que se haga referencia en cualquier otro sitio web o red. Todas las marcas registradas, marcas de servicio, marcas o nombres comerciales de productos son propiedad de\u00a0<strong><b>minijuguetes<\/b> <\/strong>y\/o sus FABRICANTES.<\/p>\n<p><strong>Enlaces a otros sitios<\/strong><\/p>\n<p>Navegando, se pueden ver enlaces a otros sitios que no forman parte del <strong><b>minijuguetes<\/b>.<br \/><\/strong><br \/>Estos enlaces existen con fines informativos.\u00a0<strong><b>minijuguetes<\/b> <\/strong>no es responsable de actualizar el contenido de estos sitios. Asimismo, los enlaces a p\u00e1ginas de otras empresas, as\u00ed como a sus productos y\/o servicios en la Web no son propiedad ni est\u00e1n aprobados por\u00a0<strong><b>minijuguetes<\/b>.<\/strong><\/p>\n<p><strong>Limitaci\u00f3n de responsabilidad\u00a0<\/strong><\/p>\n<p>Bajo ninguna circunstancia, incluyendo pero no limitado a negligencia,<strong> <b>minijuguetes<\/b> <\/strong>cualquier da\u00f1o especial o consecuente que resulte de la actualizaci\u00f3n, o falta de ella, de los materiales contenidos en el sitio web, sea o no el representante autorizado de\u00a0<strong><b>minijuguetes<\/b> <\/strong>ha sido advertido de la posibilidad de da\u00f1o. La legislaci\u00f3n vigente puede no permitir limitar o excluir la responsabilidad o los da\u00f1os eventuales o emergentes. En consecuencia, es posible que la limitaci\u00f3n o exclusi\u00f3n anterior no se aplique a usted. Bajo ninguna circunstancia se\u00a0<strong><b>minijuguetes<\/b> <\/strong>lo har\u00e1 responsable de sus obligaciones, da\u00f1os, p\u00e9rdidas y causas de acci\u00f3n (ya sea por contrato, agravio (incluida, entre otras, negligencia) o de otro modo) que excedan el monto total pagado por usted, en caso de pago, para acceder a este sitio web.<\/p>\n<p><strong>derechos de autor<\/strong><\/p>\n<p>El uso de este sitio web implica su aceptaci\u00f3n de las condiciones de uso.<\/p>\n\t\t<\/div>\n\t\t\t\t\t<\/div>\n\n\t\n<\/div>","protected":false},"excerpt":{"rendered":"","protected":false},"author":2,"featured_media":0,"parent":0,"menu_order":0,"comment_status":"closed","ping_status":"closed","template":"","meta":{"footnotes":""},"acf":[],"_links":{"self":[{"href":"https:\/\/minitoys.com.br\/es\/wp-json\/wp\/v2\/pages\/168"}],"collection":[{"href":"https:\/\/minitoys.com.br\/es\/wp-json\/wp\/v2\/pages"}],"about":[{"href":"https:\/\/minitoys.com.br\/es\/wp-json\/wp\/v2\/types\/page"}],"author":[{"embeddable":true,"href":"https:\/\/minitoys.com.br\/es\/wp-json\/wp\/v2\/users\/2"}],"replies":[{"embeddable":true,"href":"https:\/\/minitoys.com.br\/es\/wp-json\/wp\/v2\/comments?post=168"}],"version-history":[{"count":1,"href":"https:\/\/minitoys.com.br\/es\/wp-json\/wp\/v2\/pages\/168\/revisions"}],"predecessor-version":[{"id":342,"href":"https:\/\/minitoys.com.br\/es\/wp-json\/wp\/v2\/pages\/168\/revisions\/342"}],"wp:attachment":[{"href":"https:\/\/minitoys.com.br\/es\/wp-json\/wp\/v2\/media?parent=168"}],"curies":[{"name":"wp","href":"https:\/\/api.w.org\/{rel}","templated":true}]}}