{"id":171,"date":"2020-08-14T18:23:01","date_gmt":"2020-08-14T21:23:01","guid":{"rendered":"https:\/\/minitoys.com.br\/?page_id=171"},"modified":"2023-05-15T16:26:40","modified_gmt":"2023-05-15T19:26:40","slug":"quem-somos","status":"publish","type":"page","link":"https:\/\/minitoys.com.br\/es\/quem-somos\/","title":{"rendered":"Quienes somos"},"content":{"rendered":"<div id=\"page-header-474267251\" class=\"page-header-wrapper\">\n  <div class=\"page-title dark featured-title\">\n\n        <div class=\"page-title-bg\">\n      <div class=\"title-bg fill bg-fill\"\n        data-parallax-container=\".page-title\"\n        data-parallax-background\n data-parallax=\"-\">\n      <\/div>\n      <div class=\"title-overlay fill\"><\/div>\n    <\/div>\n    \n    <div class=\"page-title-inner container align-center flex-row medium-flex-wrap\" >\n              <div class=\"title-wrapper flex-col text-left medium-text-center\">\n          <h1 class=\"entry-title mb-0\">\n            Quienes somos          <\/h1>\n        <\/div>\n                    <div class=\"title-content flex-col flex-right text-right medium-text-center\">\n              <\/div>\n    <\/div>\n\n     \n<style>\n#page-header-474267251 .page-title-inner {\n  min-height: 170px;\n}\n#page-header-474267251 .title-bg {\n  background-image: url(https:\/\/minitoys.com.br\/wp-content\/uploads\/2022\/12\/topo_paginasqs.jpg);\n}\n#page-header-474267251 .featured-title {\n  background-color: rgb(247, 247, 247);\n}\n<\/style>\n  <\/div>\n    <\/div>\n  \n<div class=\"row\"  id=\"row-1042697998\">\n\n\t<div id=\"col-928183273\" class=\"col small-12 large-12\"  >\n\t\t\t\t<div class=\"col-inner\"  >\n\t\t\t\n\t\t\t\n\t<div id=\"gap-1399851128\" class=\"gap-element clearfix\" style=\"display:block; height:auto;\">\n\t\t\n<style>\n#gap-1399851128 {\n  padding-top: 30px;\n}\n<\/style>\n\t<\/div>\n\t\n<p>Somos fabricantes de juguetes y UD, desde 1997, nos dedicamos a fabricar juguetes desde lo cl\u00e1sico hasta lo contempor\u00e1neo que traigan alegr\u00eda y diversi\u00f3n a todas las edades.<\/p>\n<p>Nuestro diferencial est\u00e1 en la gran variedad de productos a precios accesibles. Estamos comprometidos a brindar momentos de diversi\u00f3n y aprendizaje. \u00a1Bienvenido a nuestro mundo!<\/p>\n<h1 class=\"product-title entry-title\">Objetivo<\/h1>\n<p>Estimule la imaginaci\u00f3n de los ni\u00f1os brind\u00e1ndoles una amplia variedad de juguetes, desde cl\u00e1sicos hasta contempor\u00e1neos, a un precio justo. Adem\u00e1s de ser una fuente confiable de diversi\u00f3n y aprendizaje para ni\u00f1os de todas las edades, contribuye a la formaci\u00f3n de seres humanos m\u00e1s felices y creativos, anim\u00e1ndolos a explorar un sinf\u00edn de posibilidades a trav\u00e9s del juego.<\/p>\n<h1 class=\"product-title entry-title\">visi\u00f3n: \u200b<\/h1>\n<p>Ser una referencia en el mercado de juguetes infantiles, impulsando nuestra b\u00fasqueda constante de competitividad y una amplia gama de productos.<\/p>\n<h1 class=\"product-title entry-title\">Valores:<\/h1>\n<p>Uni\u00f3n, compromiso, respeto, \u00e9tica, amor y creatividad.<\/p>\n\t\t<\/div>\n\t\t\t\t\t<\/div>\n\n\t\n<\/div>","protected":false},"excerpt":{"rendered":"","protected":false},"author":2,"featured_media":0,"parent":0,"menu_order":0,"comment_status":"closed","ping_status":"closed","template":"page-blank.php","meta":{"footnotes":""},"acf":[],"_links":{"self":[{"href":"https:\/\/minitoys.com.br\/es\/wp-json\/wp\/v2\/pages\/171"}],"collection":[{"href":"https:\/\/minitoys.com.br\/es\/wp-json\/wp\/v2\/pages"}],"about":[{"href":"https:\/\/minitoys.com.br\/es\/wp-json\/wp\/v2\/types\/page"}],"author":[{"embeddable":true,"href":"https:\/\/minitoys.com.br\/es\/wp-json\/wp\/v2\/users\/2"}],"replies":[{"embeddable":true,"href":"https:\/\/minitoys.com.br\/es\/wp-json\/wp\/v2\/comments?post=171"}],"version-history":[{"count":13,"href":"https:\/\/minitoys.com.br\/es\/wp-json\/wp\/v2\/pages\/171\/revisions"}],"predecessor-version":[{"id":2180,"href":"https:\/\/minitoys.com.br\/es\/wp-json\/wp\/v2\/pages\/171\/revisions\/2180"}],"wp:attachment":[{"href":"https:\/\/minitoys.com.br\/es\/wp-json\/wp\/v2\/media?parent=171"}],"curies":[{"name":"wp","href":"https:\/\/api.w.org\/{rel}","templated":true}]}}