{"id":1837,"date":"2023-01-20T17:00:25","date_gmt":"2023-01-20T20:00:25","guid":{"rendered":"https:\/\/minitoys.com.br\/?post_type=product&#038;p=1837"},"modified":"2024-07-29T11:02:28","modified_gmt":"2024-07-29T14:02:28","slug":"blocao-com-16-pecas","status":"publish","type":"product","link":"https:\/\/minitoys.com.br\/es\/producto\/blocao-com-16-pecas\/","title":{"rendered":"BLOC\u00c3O COM 16 PE\u00c7AS"},"content":{"rendered":"","protected":false},"excerpt":{"rendered":"<p>C\u00f3d.: 0752<br \/>\nSolapas c\/ 16 pe\u00e7as<br \/>\nCaja maestra con 40 hojas<\/p>","protected":false},"featured_media":2580,"comment_status":"open","ping_status":"closed","template":"","meta":[],"product_cat":[15,116],"product_tag":[],"acf":[],"_links":{"self":[{"href":"https:\/\/minitoys.com.br\/es\/wp-json\/wp\/v2\/product\/1837"}],"collection":[{"href":"https:\/\/minitoys.com.br\/es\/wp-json\/wp\/v2\/product"}],"about":[{"href":"https:\/\/minitoys.com.br\/es\/wp-json\/wp\/v2\/types\/product"}],"replies":[{"embeddable":true,"href":"https:\/\/minitoys.com.br\/es\/wp-json\/wp\/v2\/comments?post=1837"}],"wp:featuredmedia":[{"embeddable":true,"href":"https:\/\/minitoys.com.br\/es\/wp-json\/wp\/v2\/media\/2580"}],"wp:attachment":[{"href":"https:\/\/minitoys.com.br\/es\/wp-json\/wp\/v2\/media?parent=1837"}],"wp:term":[{"taxonomy":"product_cat","embeddable":true,"href":"https:\/\/minitoys.com.br\/es\/wp-json\/wp\/v2\/product_cat?post=1837"},{"taxonomy":"product_tag","embeddable":true,"href":"https:\/\/minitoys.com.br\/es\/wp-json\/wp\/v2\/product_tag?post=1837"}],"curies":[{"name":"wp","href":"https:\/\/api.w.org\/{rel}","templated":true}]}}