{"id":1840,"date":"2023-01-20T17:06:22","date_gmt":"2023-01-20T20:06:22","guid":{"rendered":"https:\/\/minitoys.com.br\/?post_type=product&#038;p=1840"},"modified":"2023-01-27T17:25:05","modified_gmt":"2023-01-27T20:25:05","slug":"blocao-com-60-pecas","status":"publish","type":"product","link":"https:\/\/minitoys.com.br\/es\/producto\/blocao-com-60-pecas\/","title":{"rendered":"BLOC\u00c3O COM 60 PE\u00c7AS"},"content":{"rendered":"","protected":false},"excerpt":{"rendered":"<p>C\u00f3d.: 0356<br \/>\nBolsa pl\u00e1stica c\/ 60 pe\u00e7as<br \/>\nCaixa master c\/ 8 bolsas<\/p>","protected":false},"featured_media":1724,"comment_status":"open","ping_status":"closed","template":"","meta":[],"product_cat":[15,116],"product_tag":[],"acf":[],"_links":{"self":[{"href":"https:\/\/minitoys.com.br\/es\/wp-json\/wp\/v2\/product\/1840"}],"collection":[{"href":"https:\/\/minitoys.com.br\/es\/wp-json\/wp\/v2\/product"}],"about":[{"href":"https:\/\/minitoys.com.br\/es\/wp-json\/wp\/v2\/types\/product"}],"replies":[{"embeddable":true,"href":"https:\/\/minitoys.com.br\/es\/wp-json\/wp\/v2\/comments?post=1840"}],"wp:featuredmedia":[{"embeddable":true,"href":"https:\/\/minitoys.com.br\/es\/wp-json\/wp\/v2\/media\/1724"}],"wp:attachment":[{"href":"https:\/\/minitoys.com.br\/es\/wp-json\/wp\/v2\/media?parent=1840"}],"wp:term":[{"taxonomy":"product_cat","embeddable":true,"href":"https:\/\/minitoys.com.br\/es\/wp-json\/wp\/v2\/product_cat?post=1840"},{"taxonomy":"product_tag","embeddable":true,"href":"https:\/\/minitoys.com.br\/es\/wp-json\/wp\/v2\/product_tag?post=1840"}],"curies":[{"name":"wp","href":"https:\/\/api.w.org\/{rel}","templated":true}]}}