{"id":1910,"date":"2023-01-24T11:50:19","date_gmt":"2023-01-24T14:50:19","guid":{"rendered":"https:\/\/minitoys.com.br\/?post_type=product&#038;p=1910"},"modified":"2023-01-27T17:23:46","modified_gmt":"2023-01-27T20:23:46","slug":"caixa-quebra-cabeca-floresta-encantada-com-80-pecas","status":"publish","type":"product","link":"https:\/\/minitoys.com.br\/es\/producto\/caixa-quebra-cabeca-floresta-encantada-com-80-pecas\/","title":{"rendered":"CAIXA QUEBRA CABE\u00c7A FLORESTA ENCANTADA COM 80 PE\u00c7AS"},"content":{"rendered":"","protected":false},"excerpt":{"rendered":"<p>C\u00f3d.: 1050<br \/>\nMedida aprox.: 34 x 24 x 4,5 cm<br \/>\nCaixa master c\/ 15 unidades<\/p>","protected":false},"featured_media":1497,"comment_status":"open","ping_status":"closed","template":"","meta":[],"product_cat":[121,124],"product_tag":[],"acf":[],"_links":{"self":[{"href":"https:\/\/minitoys.com.br\/es\/wp-json\/wp\/v2\/product\/1910"}],"collection":[{"href":"https:\/\/minitoys.com.br\/es\/wp-json\/wp\/v2\/product"}],"about":[{"href":"https:\/\/minitoys.com.br\/es\/wp-json\/wp\/v2\/types\/product"}],"replies":[{"embeddable":true,"href":"https:\/\/minitoys.com.br\/es\/wp-json\/wp\/v2\/comments?post=1910"}],"wp:featuredmedia":[{"embeddable":true,"href":"https:\/\/minitoys.com.br\/es\/wp-json\/wp\/v2\/media\/1497"}],"wp:attachment":[{"href":"https:\/\/minitoys.com.br\/es\/wp-json\/wp\/v2\/media?parent=1910"}],"wp:term":[{"taxonomy":"product_cat","embeddable":true,"href":"https:\/\/minitoys.com.br\/es\/wp-json\/wp\/v2\/product_cat?post=1910"},{"taxonomy":"product_tag","embeddable":true,"href":"https:\/\/minitoys.com.br\/es\/wp-json\/wp\/v2\/product_tag?post=1910"}],"curies":[{"name":"wp","href":"https:\/\/api.w.org\/{rel}","templated":true}]}}