{"id":2449,"date":"2024-03-12T16:50:31","date_gmt":"2024-03-12T19:50:31","guid":{"rendered":"https:\/\/minitoys.com.br\/?post_type=product&#038;p=2449"},"modified":"2024-06-27T16:44:29","modified_gmt":"2024-06-27T19:44:29","slug":"colecao-mayzinha-piao-cristal","status":"publish","type":"product","link":"https:\/\/minitoys.com.br\/es\/producto\/colecao-mayzinha-piao-cristal\/","title":{"rendered":"COLE\u00c7\u00c3O MAYZINHA &#8211; PI\u00c3O CRISTAL"},"content":{"rendered":"<p>Solapa con 5 unidades<br \/>\nCaixa master c\/ 24 solapas<\/p>","protected":false},"excerpt":{"rendered":"<p>Solapa c\/ 5 unidades Caixa master c\/ 24 solapas<\/p>","protected":false},"featured_media":2388,"comment_status":"open","ping_status":"closed","template":"","meta":[],"product_cat":[126,145,120,128],"product_tag":[],"acf":[],"_links":{"self":[{"href":"https:\/\/minitoys.com.br\/es\/wp-json\/wp\/v2\/product\/2449"}],"collection":[{"href":"https:\/\/minitoys.com.br\/es\/wp-json\/wp\/v2\/product"}],"about":[{"href":"https:\/\/minitoys.com.br\/es\/wp-json\/wp\/v2\/types\/product"}],"replies":[{"embeddable":true,"href":"https:\/\/minitoys.com.br\/es\/wp-json\/wp\/v2\/comments?post=2449"}],"wp:featuredmedia":[{"embeddable":true,"href":"https:\/\/minitoys.com.br\/es\/wp-json\/wp\/v2\/media\/2388"}],"wp:attachment":[{"href":"https:\/\/minitoys.com.br\/es\/wp-json\/wp\/v2\/media?parent=2449"}],"wp:term":[{"taxonomy":"product_cat","embeddable":true,"href":"https:\/\/minitoys.com.br\/es\/wp-json\/wp\/v2\/product_cat?post=2449"},{"taxonomy":"product_tag","embeddable":true,"href":"https:\/\/minitoys.com.br\/es\/wp-json\/wp\/v2\/product_tag?post=2449"}],"curies":[{"name":"wp","href":"https:\/\/api.w.org\/{rel}","templated":true}]}}